{"id":101187,"date":"2026-01-09T12:05:25","date_gmt":"2026-01-09T12:05:25","guid":{"rendered":"https:\/\/mmurbancouture.pt\/?post_type=product&#038;p=101187"},"modified":"2026-03-03T20:49:50","modified_gmt":"2026-03-03T20:49:50","slug":"mini-saia","status":"publish","type":"product","link":"https:\/\/mmurbancouture.pt\/en\/product\/mini-saia\/","title":{"rendered":"Mini-saia"},"content":{"rendered":"<div class=\"xs_social_share_widget xs_share_url after_content \t\tmain_content  wslu-style-1 wslu-share-box-shaped wslu-fill-colored wslu-none wslu-share-horizontal wslu-theme-font-no wslu-main_content\">\n\n\t\t\n        <ul>\n\t\t\t        <\/ul>\n    <\/div>","protected":false},"excerpt":{"rendered":"<p>Esta mini-saia \u00e9 uma pe\u00e7a de afirma\u00e7\u00e3o que desafia as propor\u00e7\u00f5es convencionais, trazendo uma est\u00e9tica <b data-path-to-node=\"0\" data-index-in-node=\"102\">avant-garde<\/b> e utilit\u00e1ria para o guarda-roupa contempor\u00e2neo.<\/p>","protected":false},"featured_media":101210,"comment_status":"open","ping_status":"closed","template":"","meta":[],"product_cat":[67,168],"product_tag":[],"woo-feed-brand":[],"class_list":{"0":"post-101187","1":"product","2":"type-product","3":"status-publish","4":"has-post-thumbnail","6":"product_brand-eleh","7":"product_cat-outono-inverno-2025","8":"product_cat-vestidos-e-saias","10":"first","11":"instock","12":"sale","13":"taxable","14":"shipping-taxable","15":"purchasable","16":"product-type-variable"},"_links":{"self":[{"href":"https:\/\/mmurbancouture.pt\/en\/wp-json\/wp\/v2\/product\/101187","targetHints":{"allow":["GET"]}}],"collection":[{"href":"https:\/\/mmurbancouture.pt\/en\/wp-json\/wp\/v2\/product"}],"about":[{"href":"https:\/\/mmurbancouture.pt\/en\/wp-json\/wp\/v2\/types\/product"}],"replies":[{"embeddable":true,"href":"https:\/\/mmurbancouture.pt\/en\/wp-json\/wp\/v2\/comments?post=101187"}],"wp:featuredmedia":[{"embeddable":true,"href":"https:\/\/mmurbancouture.pt\/en\/wp-json\/wp\/v2\/media\/101210"}],"wp:attachment":[{"href":"https:\/\/mmurbancouture.pt\/en\/wp-json\/wp\/v2\/media?parent=101187"}],"wp:term":[{"taxonomy":"product_cat","embeddable":true,"href":"https:\/\/mmurbancouture.pt\/en\/wp-json\/wp\/v2\/product_cat?post=101187"},{"taxonomy":"product_tag","embeddable":true,"href":"https:\/\/mmurbancouture.pt\/en\/wp-json\/wp\/v2\/product_tag?post=101187"},{"taxonomy":"woo-feed-brand","embeddable":true,"href":"https:\/\/mmurbancouture.pt\/en\/wp-json\/wp\/v2\/woo-feed-brand?post=101187"}],"curies":[{"name":"wp","href":"https:\/\/api.w.org\/{rel}","templated":true}]}}