{"id":101181,"date":"2026-01-09T11:50:57","date_gmt":"2026-01-09T11:50:57","guid":{"rendered":"https:\/\/mmurbancouture.pt\/?post_type=product&#038;p=101181"},"modified":"2026-03-03T17:16:47","modified_gmt":"2026-03-03T17:16:47","slug":"camisa-classica-preta","status":"publish","type":"product","link":"https:\/\/mmurbancouture.pt\/en\/product\/camisa-classica-preta\/","title":{"rendered":"Camisa cl\u00e1ssica preta"},"content":{"rendered":"<div class=\"xs_social_share_widget xs_share_url after_content \t\tmain_content  wslu-style-1 wslu-share-box-shaped wslu-fill-colored wslu-none wslu-share-horizontal wslu-theme-font-no wslu-main_content\">\n\n\t\t\n        <ul>\n\t\t\t        <\/ul>\n    <\/div>","protected":false},"excerpt":{"rendered":"<p>Esta camisa \u00e9 a defini\u00e7\u00e3o do equil\u00edbrio entre o rigor do cl\u00e1ssico e a fluidez do design contempor\u00e2neo. Mais do que uma simples pe\u00e7a de vestu\u00e1rio, ela \u00e9 uma afirma\u00e7\u00e3o de eleg\u00e2ncia discreta e sofistica\u00e7\u00e3o.<\/p>","protected":false},"featured_media":101183,"comment_status":"open","ping_status":"closed","template":"","meta":[],"product_cat":[157,67],"product_tag":[],"woo-feed-brand":[],"class_list":{"0":"post-101181","1":"product","2":"type-product","3":"status-publish","4":"has-post-thumbnail","6":"product_brand-eleh","7":"product_cat-camisas-e-blusas","8":"product_cat-outono-inverno-2025","10":"first","11":"instock","12":"sale","13":"taxable","14":"shipping-taxable","15":"purchasable","16":"product-type-variable"},"_links":{"self":[{"href":"https:\/\/mmurbancouture.pt\/en\/wp-json\/wp\/v2\/product\/101181","targetHints":{"allow":["GET"]}}],"collection":[{"href":"https:\/\/mmurbancouture.pt\/en\/wp-json\/wp\/v2\/product"}],"about":[{"href":"https:\/\/mmurbancouture.pt\/en\/wp-json\/wp\/v2\/types\/product"}],"replies":[{"embeddable":true,"href":"https:\/\/mmurbancouture.pt\/en\/wp-json\/wp\/v2\/comments?post=101181"}],"wp:featuredmedia":[{"embeddable":true,"href":"https:\/\/mmurbancouture.pt\/en\/wp-json\/wp\/v2\/media\/101183"}],"wp:attachment":[{"href":"https:\/\/mmurbancouture.pt\/en\/wp-json\/wp\/v2\/media?parent=101181"}],"wp:term":[{"taxonomy":"product_cat","embeddable":true,"href":"https:\/\/mmurbancouture.pt\/en\/wp-json\/wp\/v2\/product_cat?post=101181"},{"taxonomy":"product_tag","embeddable":true,"href":"https:\/\/mmurbancouture.pt\/en\/wp-json\/wp\/v2\/product_tag?post=101181"},{"taxonomy":"woo-feed-brand","embeddable":true,"href":"https:\/\/mmurbancouture.pt\/en\/wp-json\/wp\/v2\/woo-feed-brand?post=101181"}],"curies":[{"name":"wp","href":"https:\/\/api.w.org\/{rel}","templated":true}]}}