{"id":100768,"date":"2025-12-10T10:55:14","date_gmt":"2025-12-10T10:55:14","guid":{"rendered":"https:\/\/mmurbancouture.pt\/?post_type=product&#038;p=100768"},"modified":"2026-04-15T09:09:44","modified_gmt":"2026-04-15T09:09:44","slug":"lenco-estampado-lc-e-leopardos","status":"publish","type":"product","link":"https:\/\/mmurbancouture.pt\/en\/product\/lenco-estampado-lc-e-leopardos\/","title":{"rendered":"Len\u00e7o estampado LC e leopardos"},"content":{"rendered":"<div class=\"xs_social_share_widget xs_share_url after_content \t\tmain_content  wslu-style-1 wslu-share-box-shaped wslu-fill-colored wslu-none wslu-share-horizontal wslu-theme-font-no wslu-main_content\">\n\n\t\t\n        <ul>\n\t\t\t        <\/ul>\n    <\/div>","protected":false},"excerpt":{"rendered":"<p>Len\u00e7o elegante com estampa de leopardo e logotipo LC. Feito de material macio e luxuoso, \u00e9 perfeito para adicionar um toque de sofistica\u00e7\u00e3o a qualquer visual. Bordas refor\u00e7adas para uma maior durabilidade.<\/p>","protected":false},"featured_media":100775,"comment_status":"open","ping_status":"closed","template":"","meta":[],"product_cat":[66,166],"product_tag":[],"woo-feed-brand":[],"class_list":{"0":"post-100768","1":"product","2":"type-product","3":"status-publish","4":"has-post-thumbnail","6":"product_brand-lolacasademunt","7":"product_cat-accesorios","8":"product_cat-lencos","10":"first","11":"instock","12":"taxable","13":"shipping-taxable","14":"purchasable","15":"product-type-simple","16":"hongo-alternate-image-wrap"},"_links":{"self":[{"href":"https:\/\/mmurbancouture.pt\/en\/wp-json\/wp\/v2\/product\/100768","targetHints":{"allow":["GET"]}}],"collection":[{"href":"https:\/\/mmurbancouture.pt\/en\/wp-json\/wp\/v2\/product"}],"about":[{"href":"https:\/\/mmurbancouture.pt\/en\/wp-json\/wp\/v2\/types\/product"}],"replies":[{"embeddable":true,"href":"https:\/\/mmurbancouture.pt\/en\/wp-json\/wp\/v2\/comments?post=100768"}],"wp:featuredmedia":[{"embeddable":true,"href":"https:\/\/mmurbancouture.pt\/en\/wp-json\/wp\/v2\/media\/100775"}],"wp:attachment":[{"href":"https:\/\/mmurbancouture.pt\/en\/wp-json\/wp\/v2\/media?parent=100768"}],"wp:term":[{"taxonomy":"product_cat","embeddable":true,"href":"https:\/\/mmurbancouture.pt\/en\/wp-json\/wp\/v2\/product_cat?post=100768"},{"taxonomy":"product_tag","embeddable":true,"href":"https:\/\/mmurbancouture.pt\/en\/wp-json\/wp\/v2\/product_tag?post=100768"},{"taxonomy":"woo-feed-brand","embeddable":true,"href":"https:\/\/mmurbancouture.pt\/en\/wp-json\/wp\/v2\/woo-feed-brand?post=100768"}],"curies":[{"name":"wp","href":"https:\/\/api.w.org\/{rel}","templated":true}]}}