{"id":100738,"date":"2025-12-09T01:19:59","date_gmt":"2025-12-09T01:19:59","guid":{"rendered":"https:\/\/mmurbancouture.pt\/?post_type=product&#038;p=100738"},"modified":"2026-03-03T17:09:12","modified_gmt":"2026-03-03T17:09:12","slug":"calcas-jogger-com-detalhe-de-cordao","status":"publish","type":"product","link":"https:\/\/mmurbancouture.pt\/en\/product\/calcas-jogger-com-detalhe-de-cordao\/","title":{"rendered":"Cal\u00e7as jogger com detalhe de cord\u00e3o"},"content":{"rendered":"<div class=\"xs_social_share_widget xs_share_url after_content \t\tmain_content  wslu-style-1 wslu-share-box-shaped wslu-fill-colored wslu-none wslu-share-horizontal wslu-theme-font-no wslu-main_content\">\n\n\t\t\n        <ul>\n\t\t\t        <\/ul>\n    <\/div>","protected":false},"excerpt":{"rendered":"<p>Cal\u00e7as jogger elegantes com cintura el\u00e1stica e detalhe de cord\u00e3o ajust\u00e1vel. Produzidas em tecido macio para conforto ideal. Dois bolsos laterais discretos complementam o seu design moderno.<\/p>","protected":false},"featured_media":100741,"comment_status":"open","ping_status":"closed","template":"","meta":[],"product_cat":[158,67],"product_tag":[],"woo-feed-brand":[],"class_list":{"0":"post-100738","1":"product","2":"type-product","3":"status-publish","4":"has-post-thumbnail","6":"product_brand-lolacasademunt","7":"product_cat-calcas-e-calcoes","8":"product_cat-outono-inverno-2025","10":"first","11":"instock","12":"sale","13":"taxable","14":"shipping-taxable","15":"purchasable","16":"product-type-simple","17":"hongo-alternate-image-wrap"},"_links":{"self":[{"href":"https:\/\/mmurbancouture.pt\/en\/wp-json\/wp\/v2\/product\/100738","targetHints":{"allow":["GET"]}}],"collection":[{"href":"https:\/\/mmurbancouture.pt\/en\/wp-json\/wp\/v2\/product"}],"about":[{"href":"https:\/\/mmurbancouture.pt\/en\/wp-json\/wp\/v2\/types\/product"}],"replies":[{"embeddable":true,"href":"https:\/\/mmurbancouture.pt\/en\/wp-json\/wp\/v2\/comments?post=100738"}],"wp:featuredmedia":[{"embeddable":true,"href":"https:\/\/mmurbancouture.pt\/en\/wp-json\/wp\/v2\/media\/100741"}],"wp:attachment":[{"href":"https:\/\/mmurbancouture.pt\/en\/wp-json\/wp\/v2\/media?parent=100738"}],"wp:term":[{"taxonomy":"product_cat","embeddable":true,"href":"https:\/\/mmurbancouture.pt\/en\/wp-json\/wp\/v2\/product_cat?post=100738"},{"taxonomy":"product_tag","embeddable":true,"href":"https:\/\/mmurbancouture.pt\/en\/wp-json\/wp\/v2\/product_tag?post=100738"},{"taxonomy":"woo-feed-brand","embeddable":true,"href":"https:\/\/mmurbancouture.pt\/en\/wp-json\/wp\/v2\/woo-feed-brand?post=100738"}],"curies":[{"name":"wp","href":"https:\/\/api.w.org\/{rel}","templated":true}]}}