{"id":100689,"date":"2025-12-09T00:46:32","date_gmt":"2025-12-09T00:46:32","guid":{"rendered":"https:\/\/mmurbancouture.pt\/?post_type=product&#038;p=100689"},"modified":"2026-03-03T16:03:37","modified_gmt":"2026-03-03T16:03:37","slug":"tenis-plataforma-com-detalhes-de-tachas-metalicas","status":"publish","type":"product","link":"https:\/\/mmurbancouture.pt\/en\/product\/tenis-plataforma-com-detalhes-de-tachas-metalicas\/","title":{"rendered":"T\u00e9nis plataforma com detalhes de tachas met\u00e1licas"},"content":{"rendered":"<div class=\"xs_social_share_widget xs_share_url after_content \t\tmain_content  wslu-style-1 wslu-share-box-shaped wslu-fill-colored wslu-none wslu-share-horizontal wslu-theme-font-no wslu-main_content\">\n\n\t\t\n        <ul>\n\t\t\t        <\/ul>\n    <\/div>","protected":false},"excerpt":{"rendered":"<p data-start=\"86\" data-end=\"272\">T\u00eanis moderno com plataforma e detalhes de tachas met\u00e1licas. Feito em material sint\u00e9tico com sola de borracha antiderrapante. Interior acolchoado para maior conforto e fechamento ajust\u00e1vel com cadar\u00e7o.<\/p>","protected":false},"featured_media":100699,"comment_status":"open","ping_status":"closed","template":"","meta":[],"product_cat":[61],"product_tag":[],"woo-feed-brand":[],"class_list":{"0":"post-100689","1":"product","2":"type-product","3":"status-publish","4":"has-post-thumbnail","6":"product_brand-lolacasademunt","7":"product_cat-calcado","9":"first","10":"instock","11":"sale","12":"taxable","13":"shipping-taxable","14":"purchasable","15":"product-type-simple","16":"hongo-alternate-image-wrap"},"_links":{"self":[{"href":"https:\/\/mmurbancouture.pt\/en\/wp-json\/wp\/v2\/product\/100689","targetHints":{"allow":["GET"]}}],"collection":[{"href":"https:\/\/mmurbancouture.pt\/en\/wp-json\/wp\/v2\/product"}],"about":[{"href":"https:\/\/mmurbancouture.pt\/en\/wp-json\/wp\/v2\/types\/product"}],"replies":[{"embeddable":true,"href":"https:\/\/mmurbancouture.pt\/en\/wp-json\/wp\/v2\/comments?post=100689"}],"wp:featuredmedia":[{"embeddable":true,"href":"https:\/\/mmurbancouture.pt\/en\/wp-json\/wp\/v2\/media\/100699"}],"wp:attachment":[{"href":"https:\/\/mmurbancouture.pt\/en\/wp-json\/wp\/v2\/media?parent=100689"}],"wp:term":[{"taxonomy":"product_cat","embeddable":true,"href":"https:\/\/mmurbancouture.pt\/en\/wp-json\/wp\/v2\/product_cat?post=100689"},{"taxonomy":"product_tag","embeddable":true,"href":"https:\/\/mmurbancouture.pt\/en\/wp-json\/wp\/v2\/product_tag?post=100689"},{"taxonomy":"woo-feed-brand","embeddable":true,"href":"https:\/\/mmurbancouture.pt\/en\/wp-json\/wp\/v2\/woo-feed-brand?post=100689"}],"curies":[{"name":"wp","href":"https:\/\/api.w.org\/{rel}","templated":true}]}}