{"id":100591,"date":"2025-12-08T23:34:28","date_gmt":"2025-12-08T23:34:28","guid":{"rendered":"https:\/\/mmurbancouture.pt\/?post_type=product&#038;p=100591"},"modified":"2026-03-07T12:32:32","modified_gmt":"2026-03-07T12:32:32","slug":"viseira-de-veludo","status":"publish","type":"product","link":"https:\/\/mmurbancouture.pt\/en\/product\/viseira-de-veludo\/","title":{"rendered":"Viseira de veludo"},"content":{"rendered":"","protected":false},"excerpt":{"rendered":"<p>Viseira de veludo preto com fecho ajust\u00e1vel na parte de tr\u00e1s. Material macio que acrescenta eleg\u00e2ncia a qualquer visual. Bordado do logotipo LC na frente para um toque distinto.<\/p>","protected":false},"featured_media":100596,"comment_status":"closed","ping_status":"closed","template":"","meta":[],"product_cat":[66,164],"product_tag":[],"class_list":{"0":"post-100591","1":"product","2":"type-product","3":"status-publish","4":"has-post-thumbnail","6":"product_brand-lolacasademunt","7":"product_cat-accesorios","8":"product_cat-chapeus","10":"first","11":"outofstock","12":"taxable","13":"shipping-taxable","14":"purchasable","15":"product-type-simple","16":"hongo-alternate-image-wrap"},"_links":{"self":[{"href":"https:\/\/mmurbancouture.pt\/en\/wp-json\/wp\/v2\/product\/100591","targetHints":{"allow":["GET"]}}],"collection":[{"href":"https:\/\/mmurbancouture.pt\/en\/wp-json\/wp\/v2\/product"}],"about":[{"href":"https:\/\/mmurbancouture.pt\/en\/wp-json\/wp\/v2\/types\/product"}],"replies":[{"embeddable":true,"href":"https:\/\/mmurbancouture.pt\/en\/wp-json\/wp\/v2\/comments?post=100591"}],"wp:featuredmedia":[{"embeddable":true,"href":"https:\/\/mmurbancouture.pt\/en\/wp-json\/wp\/v2\/media\/100596"}],"wp:attachment":[{"href":"https:\/\/mmurbancouture.pt\/en\/wp-json\/wp\/v2\/media?parent=100591"}],"wp:term":[{"taxonomy":"product_cat","embeddable":true,"href":"https:\/\/mmurbancouture.pt\/en\/wp-json\/wp\/v2\/product_cat?post=100591"},{"taxonomy":"product_tag","embeddable":true,"href":"https:\/\/mmurbancouture.pt\/en\/wp-json\/wp\/v2\/product_tag?post=100591"}],"curies":[{"name":"wp","href":"https:\/\/api.w.org\/{rel}","templated":true}]}}