{"id":100531,"date":"2025-12-08T22:29:49","date_gmt":"2025-12-08T22:29:49","guid":{"rendered":"https:\/\/mmurbancouture.pt\/?post_type=product&#038;p=100531"},"modified":"2026-03-03T16:54:11","modified_gmt":"2026-03-03T16:54:11","slug":"jaqueta-biker-de-lantejoulas","status":"publish","type":"product","link":"https:\/\/mmurbancouture.pt\/en\/product\/jaqueta-biker-de-lantejoulas\/","title":{"rendered":"Jaqueta &#8220;biker&#8221; de lantejoulas"},"content":{"rendered":"<div class=\"xs_social_share_widget xs_share_url after_content \t\tmain_content  wslu-style-1 wslu-share-box-shaped wslu-fill-colored wslu-none wslu-share-horizontal wslu-theme-font-no wslu-main_content\">\n\n\t\t\n        <ul>\n\t\t\t        <\/ul>\n    <\/div>","protected":false},"excerpt":{"rendered":"<p>Jaqueta biker em lantejoulas pretas. Design cl\u00e1ssico com lapela assim\u00e9trica e fecho de z\u00edper. Bolsos com z\u00edper dourado e ajuste confort\u00e1vel.<\/p>","protected":false},"featured_media":100541,"comment_status":"open","ping_status":"closed","template":"","meta":[],"product_cat":[155,67],"product_tag":[],"woo-feed-brand":[],"class_list":{"0":"post-100531","1":"product","2":"type-product","3":"status-publish","4":"has-post-thumbnail","6":"product_brand-lolacasademunt","7":"product_cat-blazers-e-casacos","8":"product_cat-outono-inverno-2025","10":"first","11":"instock","12":"sale","13":"taxable","14":"shipping-taxable","15":"purchasable","16":"product-type-variable","17":"hongo-alternate-image-wrap"},"_links":{"self":[{"href":"https:\/\/mmurbancouture.pt\/en\/wp-json\/wp\/v2\/product\/100531","targetHints":{"allow":["GET"]}}],"collection":[{"href":"https:\/\/mmurbancouture.pt\/en\/wp-json\/wp\/v2\/product"}],"about":[{"href":"https:\/\/mmurbancouture.pt\/en\/wp-json\/wp\/v2\/types\/product"}],"replies":[{"embeddable":true,"href":"https:\/\/mmurbancouture.pt\/en\/wp-json\/wp\/v2\/comments?post=100531"}],"wp:featuredmedia":[{"embeddable":true,"href":"https:\/\/mmurbancouture.pt\/en\/wp-json\/wp\/v2\/media\/100541"}],"wp:attachment":[{"href":"https:\/\/mmurbancouture.pt\/en\/wp-json\/wp\/v2\/media?parent=100531"}],"wp:term":[{"taxonomy":"product_cat","embeddable":true,"href":"https:\/\/mmurbancouture.pt\/en\/wp-json\/wp\/v2\/product_cat?post=100531"},{"taxonomy":"product_tag","embeddable":true,"href":"https:\/\/mmurbancouture.pt\/en\/wp-json\/wp\/v2\/product_tag?post=100531"},{"taxonomy":"woo-feed-brand","embeddable":true,"href":"https:\/\/mmurbancouture.pt\/en\/wp-json\/wp\/v2\/woo-feed-brand?post=100531"}],"curies":[{"name":"wp","href":"https:\/\/api.w.org\/{rel}","templated":true}]}}