{"id":100513,"date":"2025-12-08T22:19:58","date_gmt":"2025-12-08T22:19:58","guid":{"rendered":"https:\/\/mmurbancouture.pt\/?post_type=product&#038;p=100513"},"modified":"2026-03-15T17:41:36","modified_gmt":"2026-03-15T17:41:36","slug":"bandoleira-com-alca-metalica-personalizavel","status":"publish","type":"product","link":"https:\/\/mmurbancouture.pt\/en\/product\/bandoleira-com-alca-metalica-personalizavel\/","title":{"rendered":"Bandoleira com alca met\u00e1lica personaliz\u00e1vel"},"content":{"rendered":"<div class=\"xs_social_share_widget xs_share_url after_content \t\tmain_content  wslu-style-1 wslu-share-box-shaped wslu-fill-colored wslu-none wslu-share-horizontal wslu-theme-font-no wslu-main_content\">\n\n\t\t\n        <ul>\n\t\t\t        <\/ul>\n    <\/div>","protected":false},"excerpt":{"rendered":"<p>Bandoleira sofisticada com al\u00e7a met\u00e1lica personaliz\u00e1vel. Inclui al\u00e7a ajust\u00e1vel e detalhes laterais tran\u00e7ados. Interior espa\u00e7oso forrado com tecido fino. Fecho magn\u00e9tico para maior seguran\u00e7a. Perfeita para um estilo elegante.<\/p>","protected":false},"featured_media":100520,"comment_status":"closed","ping_status":"closed","template":"","meta":[],"product_cat":[60],"product_tag":[],"woo-feed-brand":[],"class_list":{"0":"post-100513","1":"product","2":"type-product","3":"status-publish","4":"has-post-thumbnail","6":"product_brand-lolacasademunt","7":"product_cat-bolsas-todas","9":"first","10":"instock","11":"taxable","12":"shipping-taxable","13":"purchasable","14":"product-type-simple","15":"hongo-alternate-image-wrap"},"_links":{"self":[{"href":"https:\/\/mmurbancouture.pt\/en\/wp-json\/wp\/v2\/product\/100513","targetHints":{"allow":["GET"]}}],"collection":[{"href":"https:\/\/mmurbancouture.pt\/en\/wp-json\/wp\/v2\/product"}],"about":[{"href":"https:\/\/mmurbancouture.pt\/en\/wp-json\/wp\/v2\/types\/product"}],"replies":[{"embeddable":true,"href":"https:\/\/mmurbancouture.pt\/en\/wp-json\/wp\/v2\/comments?post=100513"}],"wp:featuredmedia":[{"embeddable":true,"href":"https:\/\/mmurbancouture.pt\/en\/wp-json\/wp\/v2\/media\/100520"}],"wp:attachment":[{"href":"https:\/\/mmurbancouture.pt\/en\/wp-json\/wp\/v2\/media?parent=100513"}],"wp:term":[{"taxonomy":"product_cat","embeddable":true,"href":"https:\/\/mmurbancouture.pt\/en\/wp-json\/wp\/v2\/product_cat?post=100513"},{"taxonomy":"product_tag","embeddable":true,"href":"https:\/\/mmurbancouture.pt\/en\/wp-json\/wp\/v2\/product_tag?post=100513"},{"taxonomy":"woo-feed-brand","embeddable":true,"href":"https:\/\/mmurbancouture.pt\/en\/wp-json\/wp\/v2\/woo-feed-brand?post=100513"}],"curies":[{"name":"wp","href":"https:\/\/api.w.org\/{rel}","templated":true}]}}