{"id":100504,"date":"2025-12-08T22:13:12","date_gmt":"2025-12-08T22:13:12","guid":{"rendered":"https:\/\/mmurbancouture.pt\/?post_type=product&#038;p=100504"},"modified":"2026-03-03T16:24:46","modified_gmt":"2026-03-03T16:24:46","slug":"viseira-com-logotipo","status":"publish","type":"product","link":"https:\/\/mmurbancouture.pt\/en\/product\/viseira-com-logotipo\/","title":{"rendered":"Viseira com logotipo"},"content":{"rendered":"<div class=\"xs_social_share_widget xs_share_url after_content \t\tmain_content  wslu-style-1 wslu-share-box-shaped wslu-fill-colored wslu-none wslu-share-horizontal wslu-theme-font-no wslu-main_content\">\n\n\t\t\n        <ul>\n\t\t\t        <\/ul>\n    <\/div>","protected":false},"excerpt":{"rendered":"<p>Viseira com estampa de logotipos, feita de tecido de textura suave. Ajuste traseiro personaliz\u00e1vel e aba curva para prote\u00e7\u00e3o solar. Ideal para um visual casual com estilo distintivo.<\/p>","protected":false},"featured_media":100505,"comment_status":"open","ping_status":"closed","template":"","meta":[],"product_cat":[66,164],"product_tag":[],"woo-feed-brand":[],"class_list":{"0":"post-100504","1":"product","2":"type-product","3":"status-publish","4":"has-post-thumbnail","6":"product_brand-lolacasademunt","7":"product_cat-accesorios","8":"product_cat-chapeus","10":"first","11":"instock","12":"sale","13":"taxable","14":"shipping-taxable","15":"purchasable","16":"product-type-simple","17":"hongo-alternate-image-wrap"},"_links":{"self":[{"href":"https:\/\/mmurbancouture.pt\/en\/wp-json\/wp\/v2\/product\/100504","targetHints":{"allow":["GET"]}}],"collection":[{"href":"https:\/\/mmurbancouture.pt\/en\/wp-json\/wp\/v2\/product"}],"about":[{"href":"https:\/\/mmurbancouture.pt\/en\/wp-json\/wp\/v2\/types\/product"}],"replies":[{"embeddable":true,"href":"https:\/\/mmurbancouture.pt\/en\/wp-json\/wp\/v2\/comments?post=100504"}],"wp:featuredmedia":[{"embeddable":true,"href":"https:\/\/mmurbancouture.pt\/en\/wp-json\/wp\/v2\/media\/100505"}],"wp:attachment":[{"href":"https:\/\/mmurbancouture.pt\/en\/wp-json\/wp\/v2\/media?parent=100504"}],"wp:term":[{"taxonomy":"product_cat","embeddable":true,"href":"https:\/\/mmurbancouture.pt\/en\/wp-json\/wp\/v2\/product_cat?post=100504"},{"taxonomy":"product_tag","embeddable":true,"href":"https:\/\/mmurbancouture.pt\/en\/wp-json\/wp\/v2\/product_tag?post=100504"},{"taxonomy":"woo-feed-brand","embeddable":true,"href":"https:\/\/mmurbancouture.pt\/en\/wp-json\/wp\/v2\/woo-feed-brand?post=100504"}],"curies":[{"name":"wp","href":"https:\/\/api.w.org\/{rel}","templated":true}]}}