{"id":100428,"date":"2025-12-08T19:53:51","date_gmt":"2025-12-08T19:53:51","guid":{"rendered":"https:\/\/mmurbancouture.pt\/?post_type=product&#038;p=100428"},"modified":"2026-04-15T09:10:22","modified_gmt":"2026-04-15T09:10:22","slug":"cinto-reversivel-com-fivela-m","status":"publish","type":"product","link":"https:\/\/mmurbancouture.pt\/en\/product\/cinto-reversivel-com-fivela-m\/","title":{"rendered":"Cinto revers\u00edvel com fivela M"},"content":{"rendered":"<div class=\"xs_social_share_widget xs_share_url after_content \t\tmain_content  wslu-style-1 wslu-share-box-shaped wslu-fill-colored wslu-none wslu-share-horizontal wslu-theme-font-no wslu-main_content\">\n\n\t\t\n        <ul>\n\t\t\t        <\/ul>\n    <\/div>","protected":false},"excerpt":{"rendered":"<p>Cinto revers\u00edvel de couro com elegante fivela &#8216;M&#8217;. Design vers\u00e1til com duas cores em um s\u00f3 acess\u00f3rio. Perfeito para combinar com v\u00e1rios estilos e looks. Largura padr\u00e3o para qualquer cal\u00e7a ou vestido.<\/p>","protected":false},"featured_media":100432,"comment_status":"open","ping_status":"closed","template":"","meta":[],"product_cat":[66,163],"product_tag":[],"woo-feed-brand":[],"class_list":{"0":"post-100428","1":"product","2":"type-product","3":"status-publish","4":"has-post-thumbnail","6":"product_brand-maite-by-cadademunt","7":"product_cat-accesorios","8":"product_cat-cintos","10":"first","11":"instock","12":"taxable","13":"shipping-taxable","14":"purchasable","15":"product-type-simple","16":"hongo-alternate-image-wrap"},"_links":{"self":[{"href":"https:\/\/mmurbancouture.pt\/en\/wp-json\/wp\/v2\/product\/100428","targetHints":{"allow":["GET"]}}],"collection":[{"href":"https:\/\/mmurbancouture.pt\/en\/wp-json\/wp\/v2\/product"}],"about":[{"href":"https:\/\/mmurbancouture.pt\/en\/wp-json\/wp\/v2\/types\/product"}],"replies":[{"embeddable":true,"href":"https:\/\/mmurbancouture.pt\/en\/wp-json\/wp\/v2\/comments?post=100428"}],"wp:featuredmedia":[{"embeddable":true,"href":"https:\/\/mmurbancouture.pt\/en\/wp-json\/wp\/v2\/media\/100432"}],"wp:attachment":[{"href":"https:\/\/mmurbancouture.pt\/en\/wp-json\/wp\/v2\/media?parent=100428"}],"wp:term":[{"taxonomy":"product_cat","embeddable":true,"href":"https:\/\/mmurbancouture.pt\/en\/wp-json\/wp\/v2\/product_cat?post=100428"},{"taxonomy":"product_tag","embeddable":true,"href":"https:\/\/mmurbancouture.pt\/en\/wp-json\/wp\/v2\/product_tag?post=100428"},{"taxonomy":"woo-feed-brand","embeddable":true,"href":"https:\/\/mmurbancouture.pt\/en\/wp-json\/wp\/v2\/woo-feed-brand?post=100428"}],"curies":[{"name":"wp","href":"https:\/\/api.w.org\/{rel}","templated":true}]}}