{"id":100372,"date":"2025-12-08T19:04:17","date_gmt":"2025-12-08T19:04:17","guid":{"rendered":"https:\/\/mmurbancouture.pt\/?post_type=product&#038;p=100372"},"modified":"2026-03-03T15:32:32","modified_gmt":"2026-03-03T15:32:32","slug":"bolsa-baguete-a-tiracolo-efeito-couro-com-m-em-relevo","status":"publish","type":"product","link":"https:\/\/mmurbancouture.pt\/en\/product\/bolsa-baguete-a-tiracolo-efeito-couro-com-m-em-relevo\/","title":{"rendered":"Bolsa baguete tiracolo efeito couro com M em relevo"},"content":{"rendered":"<div class=\"xs_social_share_widget xs_share_url after_content \t\tmain_content  wslu-style-1 wslu-share-box-shaped wslu-fill-colored wslu-none wslu-share-horizontal wslu-theme-font-no wslu-main_content\">\n\n\t\t\n        <ul>\n\t\t\t        <\/ul>\n    <\/div>","protected":false},"excerpt":{"rendered":"<p>Elegante bolsa baguete a tiracolo em efeito couro com detalhe em M em relevo. Possui fecho magn\u00e9tico e corrente met\u00e1lica dourada. Um acess\u00f3rio vers\u00e1til que complementa qualquer estilo com um toque sofisticado.<\/p>","protected":false},"featured_media":100373,"comment_status":"open","ping_status":"closed","template":"","meta":[],"product_cat":[60],"product_tag":[],"woo-feed-brand":[],"class_list":{"0":"post-100372","1":"product","2":"type-product","3":"status-publish","4":"has-post-thumbnail","6":"product_brand-maite-by-cadademunt","7":"product_cat-bolsas-todas","9":"first","10":"instock","11":"sale","12":"taxable","13":"shipping-taxable","14":"purchasable","15":"product-type-simple","16":"hongo-alternate-image-wrap"},"_links":{"self":[{"href":"https:\/\/mmurbancouture.pt\/en\/wp-json\/wp\/v2\/product\/100372","targetHints":{"allow":["GET"]}}],"collection":[{"href":"https:\/\/mmurbancouture.pt\/en\/wp-json\/wp\/v2\/product"}],"about":[{"href":"https:\/\/mmurbancouture.pt\/en\/wp-json\/wp\/v2\/types\/product"}],"replies":[{"embeddable":true,"href":"https:\/\/mmurbancouture.pt\/en\/wp-json\/wp\/v2\/comments?post=100372"}],"wp:featuredmedia":[{"embeddable":true,"href":"https:\/\/mmurbancouture.pt\/en\/wp-json\/wp\/v2\/media\/100373"}],"wp:attachment":[{"href":"https:\/\/mmurbancouture.pt\/en\/wp-json\/wp\/v2\/media?parent=100372"}],"wp:term":[{"taxonomy":"product_cat","embeddable":true,"href":"https:\/\/mmurbancouture.pt\/en\/wp-json\/wp\/v2\/product_cat?post=100372"},{"taxonomy":"product_tag","embeddable":true,"href":"https:\/\/mmurbancouture.pt\/en\/wp-json\/wp\/v2\/product_tag?post=100372"},{"taxonomy":"woo-feed-brand","embeddable":true,"href":"https:\/\/mmurbancouture.pt\/en\/wp-json\/wp\/v2\/woo-feed-brand?post=100372"}],"curies":[{"name":"wp","href":"https:\/\/api.w.org\/{rel}","templated":true}]}}