{"id":100221,"date":"2025-12-08T16:38:43","date_gmt":"2025-12-08T16:38:43","guid":{"rendered":"https:\/\/mmurbancouture.pt\/?post_type=product&#038;p=100221"},"modified":"2026-04-15T09:10:27","modified_gmt":"2026-04-15T09:10:27","slug":"cinto-com-ilhos","status":"publish","type":"product","link":"https:\/\/mmurbancouture.pt\/en\/product\/cinto-com-ilhos\/","title":{"rendered":"Cinto com ilh\u00f3s"},"content":{"rendered":"<div class=\"xs_social_share_widget xs_share_url after_content \t\tmain_content  wslu-style-1 wslu-share-box-shaped wslu-fill-colored wslu-none wslu-share-horizontal wslu-theme-font-no wslu-main_content\">\n\n\t\t\n        <ul>\n\t\t\t        <\/ul>\n    <\/div>","protected":false},"excerpt":{"rendered":"<p>Cinto elegante de couro sint\u00e9tico marrom com ilh\u00f3s met\u00e1licos dourados. Fivela ajust\u00e1vel e detalhe de logotipo gravado. Perfeito para looks casuais e formais.<\/p>","protected":false},"featured_media":100228,"comment_status":"open","ping_status":"closed","template":"","meta":[],"product_cat":[66,163],"product_tag":[],"woo-feed-brand":[],"class_list":{"0":"post-100221","1":"product","2":"type-product","3":"status-publish","4":"has-post-thumbnail","6":"product_brand-maite-by-cadademunt","7":"product_cat-accesorios","8":"product_cat-cintos","10":"first","11":"instock","12":"taxable","13":"shipping-taxable","14":"purchasable","15":"product-type-variable","16":"hongo-alternate-image-wrap"},"_links":{"self":[{"href":"https:\/\/mmurbancouture.pt\/en\/wp-json\/wp\/v2\/product\/100221","targetHints":{"allow":["GET"]}}],"collection":[{"href":"https:\/\/mmurbancouture.pt\/en\/wp-json\/wp\/v2\/product"}],"about":[{"href":"https:\/\/mmurbancouture.pt\/en\/wp-json\/wp\/v2\/types\/product"}],"replies":[{"embeddable":true,"href":"https:\/\/mmurbancouture.pt\/en\/wp-json\/wp\/v2\/comments?post=100221"}],"wp:featuredmedia":[{"embeddable":true,"href":"https:\/\/mmurbancouture.pt\/en\/wp-json\/wp\/v2\/media\/100228"}],"wp:attachment":[{"href":"https:\/\/mmurbancouture.pt\/en\/wp-json\/wp\/v2\/media?parent=100221"}],"wp:term":[{"taxonomy":"product_cat","embeddable":true,"href":"https:\/\/mmurbancouture.pt\/en\/wp-json\/wp\/v2\/product_cat?post=100221"},{"taxonomy":"product_tag","embeddable":true,"href":"https:\/\/mmurbancouture.pt\/en\/wp-json\/wp\/v2\/product_tag?post=100221"},{"taxonomy":"woo-feed-brand","embeddable":true,"href":"https:\/\/mmurbancouture.pt\/en\/wp-json\/wp\/v2\/woo-feed-brand?post=100221"}],"curies":[{"name":"wp","href":"https:\/\/api.w.org\/{rel}","templated":true}]}}