{"id":100202,"date":"2025-12-08T16:01:37","date_gmt":"2025-12-08T16:01:37","guid":{"rendered":"https:\/\/mmurbancouture.pt\/?post_type=product&#038;p=100202"},"modified":"2026-03-03T16:58:45","modified_gmt":"2026-03-03T16:58:45","slug":"bomber-efeito-couro-com-mangas-morcego-e-capuz","status":"publish","type":"product","link":"https:\/\/mmurbancouture.pt\/en\/product\/bomber-efeito-couro-com-mangas-morcego-e-capuz\/","title":{"rendered":"Bomber efeito couro com mangas morcego e capuz"},"content":{"rendered":"<div class=\"xs_social_share_widget xs_share_url after_content \t\tmain_content  wslu-style-1 wslu-share-box-shaped wslu-fill-colored wslu-none wslu-share-horizontal wslu-theme-font-no wslu-main_content\">\n\n\t\t\n        <ul>\n\t\t\t        <\/ul>\n    <\/div>","protected":false},"excerpt":{"rendered":"<p>Bomber oversize efeito couro com fecho de z\u00edper. Design de mangas morcego e capuz ajust\u00e1vel. Punhos el\u00e1sticos e bolsos frontais. Ideal para um visual moderno e sofisticado<\/p>","protected":false},"featured_media":100209,"comment_status":"open","ping_status":"closed","template":"","meta":[],"product_cat":[155,67],"product_tag":[],"woo-feed-brand":[],"class_list":{"0":"post-100202","1":"product","2":"type-product","3":"status-publish","4":"has-post-thumbnail","6":"product_brand-maite-by-cadademunt","7":"product_cat-blazers-e-casacos","8":"product_cat-outono-inverno-2025","10":"first","11":"instock","12":"sale","13":"taxable","14":"shipping-taxable","15":"purchasable","16":"product-type-variable","17":"hongo-alternate-image-wrap"},"_links":{"self":[{"href":"https:\/\/mmurbancouture.pt\/en\/wp-json\/wp\/v2\/product\/100202","targetHints":{"allow":["GET"]}}],"collection":[{"href":"https:\/\/mmurbancouture.pt\/en\/wp-json\/wp\/v2\/product"}],"about":[{"href":"https:\/\/mmurbancouture.pt\/en\/wp-json\/wp\/v2\/types\/product"}],"replies":[{"embeddable":true,"href":"https:\/\/mmurbancouture.pt\/en\/wp-json\/wp\/v2\/comments?post=100202"}],"wp:featuredmedia":[{"embeddable":true,"href":"https:\/\/mmurbancouture.pt\/en\/wp-json\/wp\/v2\/media\/100209"}],"wp:attachment":[{"href":"https:\/\/mmurbancouture.pt\/en\/wp-json\/wp\/v2\/media?parent=100202"}],"wp:term":[{"taxonomy":"product_cat","embeddable":true,"href":"https:\/\/mmurbancouture.pt\/en\/wp-json\/wp\/v2\/product_cat?post=100202"},{"taxonomy":"product_tag","embeddable":true,"href":"https:\/\/mmurbancouture.pt\/en\/wp-json\/wp\/v2\/product_tag?post=100202"},{"taxonomy":"woo-feed-brand","embeddable":true,"href":"https:\/\/mmurbancouture.pt\/en\/wp-json\/wp\/v2\/woo-feed-brand?post=100202"}],"curies":[{"name":"wp","href":"https:\/\/api.w.org\/{rel}","templated":true}]}}