{"id":100154,"date":"2025-12-08T15:15:10","date_gmt":"2025-12-08T15:15:10","guid":{"rendered":"https:\/\/mmurbancouture.pt\/?post_type=product&#038;p=100154"},"modified":"2026-04-14T16:08:41","modified_gmt":"2026-04-14T16:08:41","slug":"blazer-de-veludo-com-lapela-floral","status":"publish","type":"product","link":"https:\/\/mmurbancouture.pt\/en\/product\/blazer-de-veludo-com-lapela-floral\/","title":{"rendered":"Blazer de veludo com lapela floral"},"content":{"rendered":"<div class=\"xs_social_share_widget xs_share_url after_content \t\tmain_content  wslu-style-1 wslu-share-box-shaped wslu-fill-colored wslu-none wslu-share-horizontal wslu-theme-font-no wslu-main_content\">\n\n\t\t\n        <ul>\n\t\t\t        <\/ul>\n    <\/div>","protected":false},"excerpt":{"rendered":"<p>Cardigan de duas pe\u00e7as em tecido de mistura suave com detalhe de la\u00e7o de joia. Mangas compridas, fechamento frontal com bot\u00f5es e ajuste relaxado. Perfeito para um toque elegante.<\/p>","protected":false},"featured_media":100162,"comment_status":"open","ping_status":"closed","template":"","meta":[],"product_cat":[155,67],"product_tag":[],"woo-feed-brand":[],"class_list":{"0":"post-100154","1":"product","2":"type-product","3":"status-publish","4":"has-post-thumbnail","6":"product_brand-maite-by-cadademunt","7":"product_cat-blazers-e-casacos","8":"product_cat-outono-inverno-2025","10":"first","11":"instock","12":"sale","13":"taxable","14":"shipping-taxable","15":"purchasable","16":"product-type-variable","17":"hongo-alternate-image-wrap"},"_links":{"self":[{"href":"https:\/\/mmurbancouture.pt\/en\/wp-json\/wp\/v2\/product\/100154","targetHints":{"allow":["GET"]}}],"collection":[{"href":"https:\/\/mmurbancouture.pt\/en\/wp-json\/wp\/v2\/product"}],"about":[{"href":"https:\/\/mmurbancouture.pt\/en\/wp-json\/wp\/v2\/types\/product"}],"replies":[{"embeddable":true,"href":"https:\/\/mmurbancouture.pt\/en\/wp-json\/wp\/v2\/comments?post=100154"}],"wp:featuredmedia":[{"embeddable":true,"href":"https:\/\/mmurbancouture.pt\/en\/wp-json\/wp\/v2\/media\/100162"}],"wp:attachment":[{"href":"https:\/\/mmurbancouture.pt\/en\/wp-json\/wp\/v2\/media?parent=100154"}],"wp:term":[{"taxonomy":"product_cat","embeddable":true,"href":"https:\/\/mmurbancouture.pt\/en\/wp-json\/wp\/v2\/product_cat?post=100154"},{"taxonomy":"product_tag","embeddable":true,"href":"https:\/\/mmurbancouture.pt\/en\/wp-json\/wp\/v2\/product_tag?post=100154"},{"taxonomy":"woo-feed-brand","embeddable":true,"href":"https:\/\/mmurbancouture.pt\/en\/wp-json\/wp\/v2\/woo-feed-brand?post=100154"}],"curies":[{"name":"wp","href":"https:\/\/api.w.org\/{rel}","templated":true}]}}