{"id":100146,"date":"2025-12-08T15:06:56","date_gmt":"2025-12-08T15:06:56","guid":{"rendered":"https:\/\/mmurbancouture.pt\/?post_type=product&#038;p=100146"},"modified":"2026-03-03T15:32:33","modified_gmt":"2026-03-03T15:32:33","slug":"bolsa-com-alca-trancada-e-efeito-pele","status":"publish","type":"product","link":"https:\/\/mmurbancouture.pt\/en\/product\/bolsa-com-alca-trancada-e-efeito-pele\/","title":{"rendered":"Bolsa com al\u00e7a tran\u00e7ada e efeito pele"},"content":{"rendered":"<div class=\"xs_social_share_widget xs_share_url after_content \t\tmain_content  wslu-style-1 wslu-share-box-shaped wslu-fill-colored wslu-none wslu-share-horizontal wslu-theme-font-no wslu-main_content\">\n\n\t\t\n        <ul>\n\t\t\t        <\/ul>\n    <\/div>","protected":false},"excerpt":{"rendered":"<p>Elegante bolsa com efeito pele e al\u00e7a tran\u00e7ada. Design em tom dourado brilhante com fecho magn\u00e9tico. Inclui compartimento interno com forro de tecido. Detalhe met\u00e1lico decorativo na lateral, ideal para adicionar um toque sofisticado ao seu estilo.<\/p>","protected":false},"featured_media":101090,"comment_status":"open","ping_status":"closed","template":"","meta":[],"product_cat":[60],"product_tag":[],"woo-feed-brand":[],"class_list":{"0":"post-100146","1":"product","2":"type-product","3":"status-publish","4":"has-post-thumbnail","6":"product_brand-maite-by-cadademunt","7":"product_cat-bolsas-todas","9":"first","10":"instock","11":"sale","12":"taxable","13":"shipping-taxable","14":"purchasable","15":"product-type-simple","16":"hongo-alternate-image-wrap"},"_links":{"self":[{"href":"https:\/\/mmurbancouture.pt\/en\/wp-json\/wp\/v2\/product\/100146","targetHints":{"allow":["GET"]}}],"collection":[{"href":"https:\/\/mmurbancouture.pt\/en\/wp-json\/wp\/v2\/product"}],"about":[{"href":"https:\/\/mmurbancouture.pt\/en\/wp-json\/wp\/v2\/types\/product"}],"replies":[{"embeddable":true,"href":"https:\/\/mmurbancouture.pt\/en\/wp-json\/wp\/v2\/comments?post=100146"}],"wp:featuredmedia":[{"embeddable":true,"href":"https:\/\/mmurbancouture.pt\/en\/wp-json\/wp\/v2\/media\/101090"}],"wp:attachment":[{"href":"https:\/\/mmurbancouture.pt\/en\/wp-json\/wp\/v2\/media?parent=100146"}],"wp:term":[{"taxonomy":"product_cat","embeddable":true,"href":"https:\/\/mmurbancouture.pt\/en\/wp-json\/wp\/v2\/product_cat?post=100146"},{"taxonomy":"product_tag","embeddable":true,"href":"https:\/\/mmurbancouture.pt\/en\/wp-json\/wp\/v2\/product_tag?post=100146"},{"taxonomy":"woo-feed-brand","embeddable":true,"href":"https:\/\/mmurbancouture.pt\/en\/wp-json\/wp\/v2\/woo-feed-brand?post=100146"}],"curies":[{"name":"wp","href":"https:\/\/api.w.org\/{rel}","templated":true}]}}