{"id":100113,"date":"2025-12-08T13:14:59","date_gmt":"2025-12-08T13:14:59","guid":{"rendered":"https:\/\/mmurbancouture.pt\/?post_type=product&#038;p=100113"},"modified":"2026-03-03T17:15:40","modified_gmt":"2026-03-03T17:15:40","slug":"blusa-com-estampa-floral-e-laco","status":"publish","type":"product","link":"https:\/\/mmurbancouture.pt\/en\/product\/blusa-com-estampa-floral-e-laco\/","title":{"rendered":"Blusa com estampa floral e la\u00e7o"},"content":{"rendered":"","protected":false},"excerpt":{"rendered":"<p>Blusa fluida com estampa floral marcante. Possui um elegante detalhe de la\u00e7o no pesco\u00e7o e mangas longas com punhos abotoados. Feita em tecido leve para m\u00e1ximo conforto.<\/p>","protected":false},"featured_media":101094,"comment_status":"open","ping_status":"closed","template":"","meta":[],"product_cat":[157,67],"product_tag":[],"class_list":{"0":"post-100113","1":"product","2":"type-product","3":"status-publish","4":"has-post-thumbnail","6":"product_brand-maite-by-cadademunt","7":"product_cat-camisas-e-blusas","8":"product_cat-outono-inverno-2025","10":"first","11":"instock","12":"sale","13":"taxable","14":"shipping-taxable","15":"purchasable","16":"product-type-simple","17":"hongo-alternate-image-wrap"},"_links":{"self":[{"href":"https:\/\/mmurbancouture.pt\/en\/wp-json\/wp\/v2\/product\/100113","targetHints":{"allow":["GET"]}}],"collection":[{"href":"https:\/\/mmurbancouture.pt\/en\/wp-json\/wp\/v2\/product"}],"about":[{"href":"https:\/\/mmurbancouture.pt\/en\/wp-json\/wp\/v2\/types\/product"}],"replies":[{"embeddable":true,"href":"https:\/\/mmurbancouture.pt\/en\/wp-json\/wp\/v2\/comments?post=100113"}],"wp:featuredmedia":[{"embeddable":true,"href":"https:\/\/mmurbancouture.pt\/en\/wp-json\/wp\/v2\/media\/101094"}],"wp:attachment":[{"href":"https:\/\/mmurbancouture.pt\/en\/wp-json\/wp\/v2\/media?parent=100113"}],"wp:term":[{"taxonomy":"product_cat","embeddable":true,"href":"https:\/\/mmurbancouture.pt\/en\/wp-json\/wp\/v2\/product_cat?post=100113"},{"taxonomy":"product_tag","embeddable":true,"href":"https:\/\/mmurbancouture.pt\/en\/wp-json\/wp\/v2\/product_tag?post=100113"}],"curies":[{"name":"wp","href":"https:\/\/api.w.org\/{rel}","templated":true}]}}