{"id":100103,"date":"2025-12-08T13:01:03","date_gmt":"2025-12-08T13:01:03","guid":{"rendered":"https:\/\/mmurbancouture.pt\/?post_type=product&#038;p=100103"},"modified":"2026-04-01T14:45:18","modified_gmt":"2026-04-01T14:45:18","slug":"blusa-de-cetim-fluida-com-laco","status":"publish","type":"product","link":"https:\/\/mmurbancouture.pt\/en\/product\/blusa-de-cetim-fluida-com-laco\/","title":{"rendered":"Blusa de cetim fluida com la\u00e7o"},"content":{"rendered":"<div class=\"xs_social_share_widget xs_share_url after_content \t\tmain_content  wslu-style-1 wslu-share-box-shaped wslu-fill-colored wslu-none wslu-share-horizontal wslu-theme-font-no wslu-main_content\">\n\n\t\t\n        <ul>\n\t\t\t        <\/ul>\n    <\/div>","protected":false},"excerpt":{"rendered":"<p>Blusa de cetim fluida, ideal para qualquer ocasi\u00e3o. Design elegante com la\u00e7o no pesco\u00e7o e punhos com bot\u00f5es. Tecido leve e suave, perfeito para combinar com qualquer look.<\/p>","protected":false},"featured_media":100111,"comment_status":"open","ping_status":"closed","template":"","meta":[],"product_cat":[157,67],"product_tag":[],"woo-feed-brand":[],"class_list":{"0":"post-100103","1":"product","2":"type-product","3":"status-publish","4":"has-post-thumbnail","6":"product_brand-maite-by-cadademunt","7":"product_cat-camisas-e-blusas","8":"product_cat-outono-inverno-2025","10":"first","11":"instock","12":"sale","13":"taxable","14":"shipping-taxable","15":"purchasable","16":"product-type-variable","17":"hongo-alternate-image-wrap"},"_links":{"self":[{"href":"https:\/\/mmurbancouture.pt\/en\/wp-json\/wp\/v2\/product\/100103","targetHints":{"allow":["GET"]}}],"collection":[{"href":"https:\/\/mmurbancouture.pt\/en\/wp-json\/wp\/v2\/product"}],"about":[{"href":"https:\/\/mmurbancouture.pt\/en\/wp-json\/wp\/v2\/types\/product"}],"replies":[{"embeddable":true,"href":"https:\/\/mmurbancouture.pt\/en\/wp-json\/wp\/v2\/comments?post=100103"}],"wp:featuredmedia":[{"embeddable":true,"href":"https:\/\/mmurbancouture.pt\/en\/wp-json\/wp\/v2\/media\/100111"}],"wp:attachment":[{"href":"https:\/\/mmurbancouture.pt\/en\/wp-json\/wp\/v2\/media?parent=100103"}],"wp:term":[{"taxonomy":"product_cat","embeddable":true,"href":"https:\/\/mmurbancouture.pt\/en\/wp-json\/wp\/v2\/product_cat?post=100103"},{"taxonomy":"product_tag","embeddable":true,"href":"https:\/\/mmurbancouture.pt\/en\/wp-json\/wp\/v2\/product_tag?post=100103"},{"taxonomy":"woo-feed-brand","embeddable":true,"href":"https:\/\/mmurbancouture.pt\/en\/wp-json\/wp\/v2\/woo-feed-brand?post=100103"}],"curies":[{"name":"wp","href":"https:\/\/api.w.org\/{rel}","templated":true}]}}