{"id":9333,"date":"2018-05-01T07:00:02","date_gmt":"2018-05-01T07:00:02","guid":{"rendered":"https:\/\/hongo.themezaa.com\/?page_id=9333"},"modified":"2026-01-06T18:37:15","modified_gmt":"2026-01-06T18:37:15","slug":"envio-e-entrega","status":"publish","type":"page","link":"https:\/\/mmurbancouture.pt\/en\/envio-e-entrega\/","title":{"rendered":"Envio e entrega"},"content":{"rendered":"<div class=\"wpb-content-wrapper\"><section data-vc-full-width=\"true\" data-vc-full-width-init=\"false\" data-vc-stretch-content=\"true\" class=\"vc_row wpb_row vc_row-fluid  vc_custom_1560924148419   hongo-row-min-height hongo-stretch-content hongo-stretch-content-fluid vc_row-o-equal-height vc_row-o-content-middle vc_row-flex  hongo_responsive_1560924148422\" style=\"min-height: 650px;\"><div class=\"wpb_column vc_column_container vc_col-has-fill vc_col-sm-12 vc_col-md-6 vc_col-xs-12 wow fadeInLeft\" data-wow-delay= \"100ms\" data-wow-duration= \"1200ms\"><div class=\"vc_column-inner cover-background vc_custom_1571501415516  hongo_responsive_1571501415521\"><div class=\"wpb_wrapper\"><\/div><\/div><\/div><div class=\"wpb_column vc_column_container vc_col-has-fill col-xs-mobile-fullwidth vc_col-sm-12 vc_col-md-6 wow fadeInRight xs-text-center\" data-wow-delay= \"300ms\" data-wow-duration= \"1200ms\"><div class=\"vc_column-inner vc_custom_1564398713968  hongo_responsive_1564398713971\"><div class=\"wpb_wrapper\"><div class=\"vc_row wpb_row vc_inner vc_row-fluid   wow fadeInRight  hongo_responsive_1564398762139\"><div class=\"wpb_column vc_column_container col-xs-mobile-fullwidth vc_col-sm-12 vc_col-md-12\"><div class=\"vc_column-inner vc_custom_1564398750403\"><div class=\"wpb_wrapper\"><div class=\"alt-font heading-style-1 vc_custom_1765531241695 heading-1 hongo-section-heading hongo_font_1765531241695\">Pol\u00edtica de Envios<\/div><div class=\"text-block-content hongo-text-block-1 vc_custom_1767724547247 last-paragraph-no-margin\"><p data-start=\"195\" data-end=\"329\">Na <strong data-start=\"198\" data-end=\"212\">MM URBAN COUTURE<\/strong>, cada encomenda \u00e9 tratada com o m\u00e1ximo cuidado para garantir uma experi\u00eancia de compra exclusiva e sem preocupa\u00e7\u00f5es.<\/p>\n<p data-start=\"331\" data-end=\"491\">O prazo de entrega para compras efetuadas atrav\u00e9s do website <a href=\"https:\/\/mmurbancouture.pt\/en\/\"><strong data-start=\"392\" data-end=\"412\">www.mmurbancouture.pt<\/strong><\/a> \u00e9 de <strong data-start=\"418\" data-end=\"438\">1 a 3 dias \u00fateis<\/strong>, contados a partir do momento do envio da encomenda.<\/p>\n<\/div><\/div><\/div><\/div><\/div><div class=\"hongo-featurebox-wrap hongo-product-featurebox vc_custom_1767724578443  hongo_responsive_1767724578446 icon-text-style-8 equal_height_disable icon_text8-1\"><div class=\"hongo-featurebox-wrapper\"><div class=\"hongo-featurebox-inner-wrap\"><div class=\"hongo-featurebox-img\"><i class=\"icon-white icon-wallet icon-extra-medium\"><\/i><\/div><div class=\"sub-title\">Custos de Envio<\/div><div class=\"title hongo_font_1767724578437 alt-font\">VALORES APLICADOS<\/div><\/div><div class=\"content\">Portugal Continental<br \/>\nEnvios gratuitos em encomendas de valor superior a 80\u20ac<br \/>\nPara encomendas de valor inferior a 80\u20ac, o custo de envio \u00e9 de 6,90\u20ac<br \/>\nIlhas (Madeira e A\u00e7ores)<br \/>\nCusto de envio: 8,50\u20ac<br \/>\nRestante Europa<br \/>\nPara envios para outros pa\u00edses europeus, solicitamos que entre em contacto connosco para obter informa\u00e7\u00f5es personalizadas sobre valores e condi\u00e7\u00f5es de envio, uma vez que estas encomendas n\u00e3o podem ser processadas automaticamente atrav\u00e9s do website.<br \/>\n\ud83d\udce7 comercial@mmurbancouture.pt?<br \/>\n\ud83d\udcde +351 926 916 131<\/div><\/div><\/div><div class=\"hongo-featurebox-wrap hongo-product-featurebox vc_custom_1767599144126  hongo_responsive_1767599144129 icon-text-style-8 equal_height_disable icon_text8-2\"><div class=\"hongo-featurebox-wrapper\"><div class=\"hongo-featurebox-inner-wrap\"><div class=\"hongo-featurebox-img\"><i class=\"icon-white icon-handbag icon-extra-medium\"><\/i><\/div><div class=\"sub-title\">Tentativa de Entregas<\/div><div class=\"title hongo_font_1767599144117 alt-font\">Tentativa de Entrega<\/div><\/div><div class=\"content\">Caso, no momento da entrega, n\u00e3o se encontre ningu\u00e9m na morada indicada, a transportadora deixar\u00e1 um contacto para posterior agendamento.<br \/>\nO cliente dever\u00e1 entrar em contacto com a transportadora, utilizando o contacto disponibilizado, no prazo m\u00e1ximo de 48 horas.<br \/>\nSe n\u00e3o for estabelecido contacto dentro desse per\u00edodo, a transportadora entrar\u00e1 diretamente em contacto com o cliente para reagendar a entrega, podendo esta ser efetuada no domic\u00edlio ou num ponto de entrega alternativo.<\/div><\/div><\/div><div class=\"hongo-featurebox-wrap hongo-product-featurebox vc_custom_1765531837486  hongo_responsive_1765531837489 icon-text-style-8 equal_height_disable icon_text8-3\"><div class=\"hongo-featurebox-wrapper\"><div class=\"hongo-featurebox-inner-wrap\"><div class=\"hongo-featurebox-img\"><i class=\"icon-white fab fa-salesforce icon-extra-medium\"><\/i><\/div><div class=\"title hongo_font_1765531837474 alt-font\">Encomendas em Promo\u00e7\u00e3o ou Saldo<\/div><\/div><div class=\"content\">As encomendas realizadas em per\u00edodo de promo\u00e7\u00e3o ou saldo est\u00e3o sujeitas aos custos de envio acima indicados, independentemente do valor total da compra.<\/div><\/div><\/div><\/div><\/div><\/div><\/section><div class=\"vc_row-full-width vc_clearfix\"><\/div>\n\n    <div class=\"xs_social_share_widget xs_share_url after_content \t\tmain_content  wslu-style-1 wslu-share-box-shaped wslu-fill-colored wslu-none wslu-share-horizontal wslu-theme-font-no wslu-main_content\">\n\n\t\t\n        <ul>\n\t\t\t        <\/ul>\n    <\/div> \n<\/div>","protected":false},"excerpt":{"rendered":"Pol\u00edtica de EnviosNa MM URBAN COUTURE, cada encomenda \u00e9 tratada com o m\u00e1ximo cuidado para garantir uma experi\u00eancia de compra exclusiva e sem preocupa\u00e7\u00f5es. O prazo de entrega para compras efetuadas atrav\u00e9s do website www.mmurbancouture.pt \u00e9 de 1 a 3 dias \u00fateis, contados a partir do momento do envio da encomenda. Custos de EnvioVALORES APLICADOSPortugal Continental Envios gratuitos em encomendas de valor superior a 80\u20ac Para encomendas de valor inferior a 80\u20ac, o custo de envio \u00e9 de 6,90\u20ac Ilhas (Madeira e A\u00e7ores) Custo de envio: 8,50\u20ac Restante Europa Para envios para outros pa\u00edses europeus, solicitamos que entre em contacto connosco para obter informa\u00e7\u00f5es personalizadas sobre valores e condi\u00e7\u00f5es de envio, uma vez que estas encomendas n\u00e3o podem ser processadas automaticamente atrav\u00e9s do website. \ud83d\udce7 comercial@mmurbancouture.pt? \ud83d\udcde +351 926 916 131Tentativa de EntregasTentativa de EntregaCaso, no momento da entrega, n\u00e3o se encontre ningu\u00e9m na morada indicada, a transportadora deixar\u00e1 um contacto para posterior agendamento. O cliente dever\u00e1 entrar em contacto com a transportadora, utilizando o contacto disponibilizado, no prazo m\u00e1ximo de 48 horas. Se n\u00e3o for estabelecido contacto dentro desse per\u00edodo, a transportadora entrar\u00e1 diretamente em contacto com o cliente para reagendar a entrega, podendo esta ser efetuada no domic\u00edlio...","protected":false},"author":1,"featured_media":0,"parent":0,"menu_order":0,"comment_status":"closed","ping_status":"closed","template":"","meta":{"footnotes":""},"class_list":["post-9333","page","type-page","status-publish","hentry"],"_hostinger_reach_plugin_has_subscription_block":false,"_hostinger_reach_plugin_is_elementor":false,"_links":{"self":[{"href":"https:\/\/mmurbancouture.pt\/en\/wp-json\/wp\/v2\/pages\/9333","targetHints":{"allow":["GET"]}}],"collection":[{"href":"https:\/\/mmurbancouture.pt\/en\/wp-json\/wp\/v2\/pages"}],"about":[{"href":"https:\/\/mmurbancouture.pt\/en\/wp-json\/wp\/v2\/types\/page"}],"author":[{"embeddable":true,"href":"https:\/\/mmurbancouture.pt\/en\/wp-json\/wp\/v2\/users\/1"}],"replies":[{"embeddable":true,"href":"https:\/\/mmurbancouture.pt\/en\/wp-json\/wp\/v2\/comments?post=9333"}],"version-history":[{"count":13,"href":"https:\/\/mmurbancouture.pt\/en\/wp-json\/wp\/v2\/pages\/9333\/revisions"}],"predecessor-version":[{"id":100995,"href":"https:\/\/mmurbancouture.pt\/en\/wp-json\/wp\/v2\/pages\/9333\/revisions\/100995"}],"wp:attachment":[{"href":"https:\/\/mmurbancouture.pt\/en\/wp-json\/wp\/v2\/media?parent=9333"}],"curies":[{"name":"wp","href":"https:\/\/api.w.org\/{rel}","templated":true}]}}